{"id":9,"date":"2023-02-27T20:34:04","date_gmt":"2023-02-27T19:34:04","guid":{"rendered":"https:\/\/evoimpianti.com\/?page_id=9"},"modified":"2023-03-08T12:29:27","modified_gmt":"2023-03-08T11:29:27","slug":"home","status":"publish","type":"page","link":"https:\/\/evoimpianti.com\/","title":{"rendered":"Home"},"content":{"rendered":"\n<p><\/p>\n\n\n\n<div class=\"wp-block-columns alignfull is-layout-flex wp-container-core-columns-is-layout-9d6595d7 wp-block-columns-is-layout-flex\">\n<div class=\"wp-block-column is-layout-flow wp-block-column-is-layout-flow\" style=\"flex-basis:100%\">\n<div class=\"wp-block-cover is-light\" style=\"min-height:600px;aspect-ratio:unset;\"><span aria-hidden=\"true\" class=\"wp-block-cover__background has-background-dim-100 has-background-dim\" style=\"background-color:#f6f6f6\"><\/span><div class=\"wp-block-cover__inner-container is-layout-flow wp-block-cover-is-layout-flow\">\n<div class=\"wp-block-media-text is-stacked-on-mobile margine-sezione\" style=\"grid-template-columns:48% auto\" id=\"fotovoltaico\"><figure class=\"wp-block-media-text__media\"><img loading=\"lazy\" decoding=\"async\" width=\"929\" height=\"966\" src=\"https:\/\/evoimpianti.com\/wp-content\/uploads\/2023\/03\/fotovoltaico-1.jpg\" alt=\"\" class=\"wp-image-42 size-full\" srcset=\"https:\/\/evoimpianti.com\/wp-content\/uploads\/2023\/03\/fotovoltaico-1.jpg 929w, https:\/\/evoimpianti.com\/wp-content\/uploads\/2023\/03\/fotovoltaico-1-289x300.jpg 289w, https:\/\/evoimpianti.com\/wp-content\/uploads\/2023\/03\/fotovoltaico-1-768x799.jpg 768w, https:\/\/evoimpianti.com\/wp-content\/uploads\/2023\/03\/fotovoltaico-1-230x239.jpg 230w, https:\/\/evoimpianti.com\/wp-content\/uploads\/2023\/03\/fotovoltaico-1-350x364.jpg 350w, https:\/\/evoimpianti.com\/wp-content\/uploads\/2023\/03\/fotovoltaico-1-480x499.jpg 480w\" sizes=\"auto, (max-width: 929px) 100vw, 929px\" \/><\/figure><div class=\"wp-block-media-text__content\">\n<p class=\"has-text-align-center\"><\/p>\n\n\n\n<p class=\"has-text-align-center has-medium-font-size\"><strong>FOTOVOLTAICO<\/strong><\/p>\n\n\n\n<p class=\"has-text-align-center has-small-font-size\"><strong>Il sistema solare EVO si compone di un impianto fotovoltaico e di un sistema di accumulo.<\/strong><\/p>\n\n\n\n<p class=\"has-small-font-size\">L\u2019impianto fotovoltaico \u00e8 composto da pannelli installati preferibilmente sul tetto (la zona pi\u00f9 esposta all\u2019irraggiamento) che trasformano direttamente l\u2019energia solare in energia elettrica, sfruttando le propriet\u00e0 del silicio, un elemento semiconduttore molto usato in tutti i dispositivi elettronici. Utilizziamo i migliori pannelli di ultima generazione in grado di massimizzare il rendimento con qualsiasi esposizione e inclinazione del tetto, anche in presenza di cielo nuvoloso ed esposizione a nord.<\/p>\n\n\n\n<p class=\"has-small-font-size\">La corrente continua generata dai pannelli fotovoltaici viene convertita, con l\u2019utilizzo di un inverter e anche di singoli dispositivi chiamati ottimizzatori, in corrente alternata, utilizzabile nella propria abitazione.<\/p>\n\n\n\n<p class=\"has-small-font-size\">Il sistema di accumulo \u00e8 una batteria progettata per immagazzinare l\u2019energia pulita e permetterti di utilizzarla quando ne hai bisogno, giorno e notte.<\/p>\n\n\n\n<p class=\"has-small-font-size\">Solitamente con un impianto fotovoltaico consumi solo una piccola parte dell\u2019energia prodotta mentre con i sistemi di accumulo potrai immagazzinare la tua energia in maniera sicura, aumentando l\u2019autoconsumo fino al 100%.<\/p>\n<\/div><\/div>\n\n\n\n<div class=\"wp-block-media-text has-media-on-the-right is-stacked-on-mobile has-small-font-size\" id=\"eolico\"><div class=\"wp-block-media-text__content\">\n<p class=\"has-text-align-center\"><\/p>\n\n\n\n<h2 class=\"has-text-align-center has-medium-font-size wp-block-heading\"><strong>EOLICO<\/strong><\/h2>\n\n\n\n<p class=\"has-text-align-center has-small-font-size\"><strong>Un insieme di pi\u00f9 aerogeneratori, disposti sul territorio e interconnessi tra di loro, in grado di produrre energia elettrica mediante lo sfruttamento del vento. Cos\u00ec, in sintesi, pu\u00f2 essere definito un impianto eolico.<\/strong><\/p>\n\n\n\n<p class=\"has-small-font-size\">L\u2019aerogeneratore eolico: che cos\u2019\u00e8<br>Ma che cos\u2019\u00e8 esattamente un aerogeneratore eolico? La sua struttura \u00e8 semplice: consta di una torre in acciaio che regge alla sua sommit\u00e0 una navicella, nella quale sono contenuti il moltiplicatore di giri, il generatore elettrico e il trasformatore. All\u2019estremit\u00e0 dell\u2019albero di trasmissione \u00e8 fissato il rotore, costituito dal mozzo sul quale sono montate le pale.<\/p>\n\n\n\n<p class=\"has-small-font-size\">La produzione di energia elettrica<br>L\u2019energia elettrica viene prodotta in bassa tensione dal generatore di ciascuna macchina e trasferita al quadro di controllo e quindi al trasformatore per la conversione dell\u2019energia elettrica a media tensione. Ogni impianto eolico \u00e8 dotato di una cabina di allaccio o di una sottostazione elettrica in cui confluiscono le linee in media tensione provenienti dai singoli aerogeneratori e dove sono generalmente dislocate le apparecchiature di misura commerciale e fiscale dell\u2019energia elettrica. La cabina di allaccio \u00e8 solitamente collegata alla rete di distribuzione in media tensione mentre la sottostazione cede l\u2019energia, previa trasformazione da media ad alta tensione, alla Rete elettrica di Trasmissione Nazionale.<\/p>\n\n\n\n<p class=\"has-small-font-size\">Monitoraggio e controllo di un impianto eolico<br>Ogni aerogeneratore \u00e8 dotato di un sistema di monitoraggio e controllo che trasmette i dati operativi a un sistema di monitoraggio dedicato che, a sua volta, \u00e8 connesso ai centri operativi che gestiscono direttamente, gli interventi manutenzione.<\/p>\n\n\n\n<p class=\"has-small-font-size\">Anche le cabine di allaccio e le sottostazioni elettriche sono dotate di sistema di monitoraggio e controllo.<\/p>\n<\/div><figure class=\"wp-block-media-text__media\"><img loading=\"lazy\" decoding=\"async\" width=\"929\" height=\"966\" src=\"https:\/\/evoimpianti.com\/wp-content\/uploads\/2023\/03\/eolico-1.jpg\" alt=\"\" class=\"wp-image-45 size-full\" srcset=\"https:\/\/evoimpianti.com\/wp-content\/uploads\/2023\/03\/eolico-1.jpg 929w, https:\/\/evoimpianti.com\/wp-content\/uploads\/2023\/03\/eolico-1-289x300.jpg 289w, https:\/\/evoimpianti.com\/wp-content\/uploads\/2023\/03\/eolico-1-768x799.jpg 768w, https:\/\/evoimpianti.com\/wp-content\/uploads\/2023\/03\/eolico-1-230x239.jpg 230w, https:\/\/evoimpianti.com\/wp-content\/uploads\/2023\/03\/eolico-1-350x364.jpg 350w, https:\/\/evoimpianti.com\/wp-content\/uploads\/2023\/03\/eolico-1-480x499.jpg 480w\" sizes=\"auto, (max-width: 929px) 100vw, 929px\" \/><\/figure><\/div>\n<\/div><\/div>\n\n\n\n<div class=\"wp-block-columns is-layout-flex wp-container-core-columns-is-layout-9d6595d7 wp-block-columns-is-layout-flex\">\n<div class=\"wp-block-column is-layout-flow wp-block-column-is-layout-flow\" id=\"geotermico\">\n<h2 class=\"has-text-align-center has-medium-font-size wp-block-heading\">GEOTERMICO<\/h2>\n\n\n\n<figure class=\"wp-block-image size-full\"><img loading=\"lazy\" decoding=\"async\" width=\"929\" height=\"966\" src=\"https:\/\/evoimpianti.com\/wp-content\/uploads\/2023\/03\/geot.jpg\" alt=\"\" class=\"wp-image-49\" srcset=\"https:\/\/evoimpianti.com\/wp-content\/uploads\/2023\/03\/geot.jpg 929w, https:\/\/evoimpianti.com\/wp-content\/uploads\/2023\/03\/geot-289x300.jpg 289w, https:\/\/evoimpianti.com\/wp-content\/uploads\/2023\/03\/geot-768x799.jpg 768w, https:\/\/evoimpianti.com\/wp-content\/uploads\/2023\/03\/geot-230x239.jpg 230w, https:\/\/evoimpianti.com\/wp-content\/uploads\/2023\/03\/geot-350x364.jpg 350w, https:\/\/evoimpianti.com\/wp-content\/uploads\/2023\/03\/geot-480x499.jpg 480w\" sizes=\"auto, (max-width: 929px) 100vw, 929px\" \/><\/figure>\n<\/div>\n\n\n\n<div class=\"wp-block-column is-layout-flow wp-block-column-is-layout-flow\" id=\"domotica\">\n<h2 class=\"has-text-align-center has-medium-font-size wp-block-heading\">DOMOTICA<\/h2>\n\n\n\n<figure class=\"wp-block-image size-full\"><img loading=\"lazy\" decoding=\"async\" width=\"768\" height=\"799\" src=\"https:\/\/evoimpianti.com\/wp-content\/uploads\/2023\/03\/domotica-1-768x799-1.jpg\" alt=\"\" class=\"wp-image-51\" srcset=\"https:\/\/evoimpianti.com\/wp-content\/uploads\/2023\/03\/domotica-1-768x799-1.jpg 768w, https:\/\/evoimpianti.com\/wp-content\/uploads\/2023\/03\/domotica-1-768x799-1-288x300.jpg 288w, https:\/\/evoimpianti.com\/wp-content\/uploads\/2023\/03\/domotica-1-768x799-1-230x239.jpg 230w, https:\/\/evoimpianti.com\/wp-content\/uploads\/2023\/03\/domotica-1-768x799-1-350x364.jpg 350w, https:\/\/evoimpianti.com\/wp-content\/uploads\/2023\/03\/domotica-1-768x799-1-480x499.jpg 480w\" sizes=\"auto, (max-width: 768px) 100vw, 768px\" \/><\/figure>\n<\/div>\n\n\n\n<div class=\"wp-block-column is-layout-flow wp-block-column-is-layout-flow\" id=\"e-mobility\">\n<h2 class=\"has-text-align-center has-medium-font-size wp-block-heading\">E-MOBILITY<\/h2>\n\n\n\n<figure class=\"wp-block-image size-full\"><img loading=\"lazy\" decoding=\"async\" width=\"768\" height=\"799\" src=\"https:\/\/evoimpianti.com\/wp-content\/uploads\/2023\/03\/blu-768x799-1.jpg\" alt=\"\" class=\"wp-image-53\" srcset=\"https:\/\/evoimpianti.com\/wp-content\/uploads\/2023\/03\/blu-768x799-1.jpg 768w, https:\/\/evoimpianti.com\/wp-content\/uploads\/2023\/03\/blu-768x799-1-288x300.jpg 288w, https:\/\/evoimpianti.com\/wp-content\/uploads\/2023\/03\/blu-768x799-1-230x239.jpg 230w, https:\/\/evoimpianti.com\/wp-content\/uploads\/2023\/03\/blu-768x799-1-350x364.jpg 350w, https:\/\/evoimpianti.com\/wp-content\/uploads\/2023\/03\/blu-768x799-1-480x499.jpg 480w\" sizes=\"auto, (max-width: 768px) 100vw, 768px\" \/><\/figure>\n<\/div>\n<\/div>\n<\/div>\n<\/div>\n","protected":false},"excerpt":{"rendered":"<p>GEOTERMICO DOMOTICA E-MOBILITY<\/p>\n","protected":false},"author":1,"featured_media":0,"parent":0,"menu_order":0,"comment_status":"closed","ping_status":"closed","template":"","meta":{"footnotes":""},"class_list":["post-9","page","type-page","status-publish","hentry"],"_links":{"self":[{"href":"https:\/\/evoimpianti.com\/index.php\/wp-json\/wp\/v2\/pages\/9","targetHints":{"allow":["GET"]}}],"collection":[{"href":"https:\/\/evoimpianti.com\/index.php\/wp-json\/wp\/v2\/pages"}],"about":[{"href":"https:\/\/evoimpianti.com\/index.php\/wp-json\/wp\/v2\/types\/page"}],"author":[{"embeddable":true,"href":"https:\/\/evoimpianti.com\/index.php\/wp-json\/wp\/v2\/users\/1"}],"replies":[{"embeddable":true,"href":"https:\/\/evoimpianti.com\/index.php\/wp-json\/wp\/v2\/comments?post=9"}],"version-history":[{"count":10,"href":"https:\/\/evoimpianti.com\/index.php\/wp-json\/wp\/v2\/pages\/9\/revisions"}],"predecessor-version":[{"id":54,"href":"https:\/\/evoimpianti.com\/index.php\/wp-json\/wp\/v2\/pages\/9\/revisions\/54"}],"wp:attachment":[{"href":"https:\/\/evoimpianti.com\/index.php\/wp-json\/wp\/v2\/media?parent=9"}],"curies":[{"name":"wp","href":"https:\/\/api.w.org\/{rel}","templated":true}]}}